{"id":3919,"date":"2024-07-01T12:57:53","date_gmt":"2024-07-01T12:57:53","guid":{"rendered":"http:\/\/www.laboratorioguadalupe.com.br\/portal\/?page_id=3919"},"modified":"2024-07-05T02:09:11","modified_gmt":"2024-07-05T02:09:11","slug":"nossas-unidades","status":"publish","type":"page","link":"https:\/\/www.laboratorioguadalupe.com.br\/portal\/nossas-unidades\/","title":{"rendered":"Nossas Unidades"},"content":{"rendered":"\t\t<div data-elementor-type=\"wp-page\" data-elementor-id=\"3919\" class=\"elementor elementor-3919\" data-elementor-post-type=\"page\">\n\t\t\t\t\t\t<section class=\"elementor-section elementor-top-section elementor-element elementor-element-2a0a397e elementor-section-boxed elementor-section-height-default elementor-section-height-default\" data-id=\"2a0a397e\" data-element_type=\"section\">\n\t\t\t\t\t\t<div class=\"elementor-container elementor-column-gap-no\">\n\t\t\t\t\t<div class=\"elementor-column elementor-col-100 elementor-top-column elementor-element elementor-element-18f9af1a\" data-id=\"18f9af1a\" data-element_type=\"column\">\n\t\t\t<div class=\"elementor-widget-wrap elementor-element-populated\">\n\t\t\t\t\t\t<div class=\"elementor-element elementor-element-20973625 elementor-widget elementor-widget-laborex_service2\" data-id=\"20973625\" data-element_type=\"widget\" data-widget_type=\"laborex_service2.default\">\n\t\t\t\t<div class=\"elementor-widget-container\">\n\t\t\t\t\t\t<section class=\"service-section alternat-2\">\n\t\t\t\t<div class=\"pattern-layer\">\n\t\t\t\t\t\t\t\t\t\t<div class=\"pattern-1 wow zoomIn animated\" style=\"background-image: url(https:\/\/www.laboratorioguadalupe.com.br\/portal\/wp-content\/uploads\/2021\/05\/shape-3.png);\"><\/div>\n\t\t\t\t\t<div class=\"pattern-2  wow zoomIn animated\" style=\"background-image: url(https:\/\/www.laboratorioguadalupe.com.br\/portal\/wp-content\/uploads\/2021\/05\/shape-4.png);\"><\/div>\n\t\t\t\t<\/div>\n\t\t\t\t<div class=\"auto-container\">\n\t\t\t\t\t<div class=\"sec-title centred\">\n\t\t\t\t\t\t<h6>NOSSAS UNIDADES<\/h6>\n\t\t\t\t\t\t<h2>Estamos perto de Voc\u00ea!<\/h2>\n\t\t\t\t\t<\/div>\n\t\t\t\t\t<div class=\"row clearfix\">\n\t\t\t\t\t\t\t\t\t\t\t\t\t<div class=\"col-lg-3 col-md-6 col-sm-12 service-block\">\n\t\t\t\t\t\t\t\t<div class=\"service-block-one\">\n\t\t\t\t\t\t\t\t\t<div class=\"inner-box\">\n\t\t\t\t\t\t\t\t\t\t<div class=\"icon-box\"><i aria-hidden=\"true\" class=\" icon-21\"><\/i><\/div>\n\t\t\t\t\t\t\t\t\t\t<h4><a href=\"\"  >Braz de Aguiar (Matriz)<\/a><\/h4>\n\t\t\t\t\t\t\t\t\t\t<p>Av. Braz de Aguiar, n\u00famero 104.<br>91 3223-2786<\/p>\n\t\t\t\t\t\t\t\t\t\t\t\t\t\t\t\t\t\t\t<\/div>\n\t\t\t\t\t\t\t\t<\/div>\n\t\t\t\t\t\t\t<\/div>\n\t\t\t\t\t\t\t\t\t\t\t\t\t<div class=\"col-lg-3 col-md-6 col-sm-12 service-block\">\n\t\t\t\t\t\t\t\t<div class=\"service-block-one\">\n\t\t\t\t\t\t\t\t\t<div class=\"inner-box\">\n\t\t\t\t\t\t\t\t\t\t<div class=\"icon-box\"><i aria-hidden=\"true\" class=\" icon-21\"><\/i><\/div>\n\t\t\t\t\t\t\t\t\t\t<h4><a href=\"\"  >Alcindo Cacela<\/a><\/h4>\n\t\t\t\t\t\t\t\t\t\t<p>Av. Alcindo Cacela, n\u00famero 2122.<br>91 3081-7144<\/p>\n\t\t\t\t\t\t\t\t\t\t\t\t\t\t\t\t\t\t\t<\/div>\n\t\t\t\t\t\t\t\t<\/div>\n\t\t\t\t\t\t\t<\/div>\n\t\t\t\t\t\t\t\t\t\t\t\t\t<div class=\"col-lg-3 col-md-6 col-sm-12 service-block\">\n\t\t\t\t\t\t\t\t<div class=\"service-block-one\">\n\t\t\t\t\t\t\t\t\t<div class=\"inner-box\">\n\t\t\t\t\t\t\t\t\t\t<div class=\"icon-box\"><i aria-hidden=\"true\" class=\" icon-21\"><\/i><\/div>\n\t\t\t\t\t\t\t\t\t\t<h4><a href=\"\"  >Augusto Montenegro<\/a><\/h4>\n\t\t\t\t\t\t\t\t\t\t<p>Av. Augusto Montenegro, n\u00famero 6955.<br>91 3223-2750<\/p>\n\t\t\t\t\t\t\t\t\t\t\t\t\t\t\t\t\t\t\t<\/div>\n\t\t\t\t\t\t\t\t<\/div>\n\t\t\t\t\t\t\t<\/div>\n\t\t\t\t\t\t\t\t\t\t\t\t\t<div class=\"col-lg-3 col-md-6 col-sm-12 service-block\">\n\t\t\t\t\t\t\t\t<div class=\"service-block-one\">\n\t\t\t\t\t\t\t\t\t<div class=\"inner-box\">\n\t\t\t\t\t\t\t\t\t\t<div class=\"icon-box\"><i aria-hidden=\"true\" class=\" icon-21\"><\/i><\/div>\n\t\t\t\t\t\t\t\t\t\t<h4><a href=\"\"  >Ananindeua<\/a><\/h4>\n\t\t\t\t\t\t\t\t\t\t<p>Cid. Nova VI, WE 75, 682.<br>91 3287-6555<\/p>\n\t\t\t\t\t\t\t\t\t\t\t\t\t\t\t\t\t\t\t<\/div>\n\t\t\t\t\t\t\t\t<\/div>\n\t\t\t\t\t\t\t<\/div>\n\t\t\t\t\t\t\t\t\t\t\t\t\t<div class=\"col-lg-3 col-md-6 col-sm-12 service-block\">\n\t\t\t\t\t\t\t\t<div class=\"service-block-one\">\n\t\t\t\t\t\t\t\t\t<div class=\"inner-box\">\n\t\t\t\t\t\t\t\t\t\t<div class=\"icon-box\"><i aria-hidden=\"true\" class=\" icon-21\"><\/i><\/div>\n\t\t\t\t\t\t\t\t\t\t<h4><a href=\"\"  >Icoaraci<\/a><\/h4>\n\t\t\t\t\t\t\t\t\t\t<p>Av. Manoel Barata, n\u00famero 273.<br>91 3227-1012<\/p>\n\t\t\t\t\t\t\t\t\t\t\t\t\t\t\t\t\t\t\t<\/div>\n\t\t\t\t\t\t\t\t<\/div>\n\t\t\t\t\t\t\t<\/div>\n\t\t\t\t\t\t\t\t\t\t\t\t\t<div class=\"col-lg-3 col-md-6 col-sm-12 service-block\">\n\t\t\t\t\t\t\t\t<div class=\"service-block-one\">\n\t\t\t\t\t\t\t\t\t<div class=\"inner-box\">\n\t\t\t\t\t\t\t\t\t\t<div class=\"icon-box\"><i aria-hidden=\"true\" class=\" icon-21\"><\/i><\/div>\n\t\t\t\t\t\t\t\t\t\t<h4><a href=\"\"  >Marituba<\/a><\/h4>\n\t\t\t\t\t\t\t\t\t\t<p>Rua Raimundo Barbosa Santana, 304.<br>91 3256-1936<\/p>\n\t\t\t\t\t\t\t\t\t\t\t\t\t\t\t\t\t\t\t<\/div>\n\t\t\t\t\t\t\t\t<\/div>\n\t\t\t\t\t\t\t<\/div>\n\t\t\t\t\t\t\t\t\t\t\t\t\t<div class=\"col-lg-3 col-md-6 col-sm-12 service-block\">\n\t\t\t\t\t\t\t\t<div class=\"service-block-one\">\n\t\t\t\t\t\t\t\t\t<div class=\"inner-box\">\n\t\t\t\t\t\t\t\t\t\t<div class=\"icon-box\"><i aria-hidden=\"true\" class=\" icon-21\"><\/i><\/div>\n\t\t\t\t\t\t\t\t\t\t<h4><a href=\"\"  >Benevides<\/a><\/h4>\n\t\t\t\t\t\t\t\t\t\t<p>Av. Jo\u00e3o Fanjas, 120.<br>91 98236-3752<\/p>\n\t\t\t\t\t\t\t\t\t\t\t\t\t\t\t\t\t\t\t<\/div>\n\t\t\t\t\t\t\t\t<\/div>\n\t\t\t\t\t\t\t<\/div>\n\t\t\t\t\t\t\t\t\t\t\t\t\t<div class=\"col-lg-3 col-md-6 col-sm-12 service-block\">\n\t\t\t\t\t\t\t\t<div class=\"service-block-one\">\n\t\t\t\t\t\t\t\t\t<div class=\"inner-box\">\n\t\t\t\t\t\t\t\t\t\t<div class=\"icon-box\"><i aria-hidden=\"true\" class=\" icon-21\"><\/i><\/div>\n\t\t\t\t\t\t\t\t\t\t<h4><a href=\"\"  >Ipixuna do Par\u00e1<\/a><\/h4>\n\t\t\t\t\t\t\t\t\t\t<p>Trav. Jarbas Passarinho, 458.<br><\/p>\n\t\t\t\t\t\t\t\t\t\t\t\t\t\t\t\t\t\t\t<\/div>\n\t\t\t\t\t\t\t\t<\/div>\n\t\t\t\t\t\t\t<\/div>\n\t\t\t\t\t\t\t\t\t\t\t<\/div>\n\t\t\t\t<\/div>\n\t\t\t<\/section>\n\t\t\t\t<\/div>\n\t\t\t\t<\/div>\n\t\t\t\t\t<\/div>\n\t\t<\/div>\n\t\t\t\t\t<\/div>\n\t\t<\/section>\n\t\t\t\t<\/div>\n\t\t","protected":false},"excerpt":{"rendered":"<p>NOSSAS UNIDADES Estamos perto de Voc\u00ea! Braz de Aguiar (Matriz) Av. Braz de Aguiar, n\u00famero 104.91 3223-2786 Alcindo Cacela Av. Alcindo Cacela, n\u00famero 2122.91 3081-7144 Augusto Montenegro Av. Augusto Montenegro, [&hellip;]<\/p>\n","protected":false},"author":1,"featured_media":0,"parent":0,"menu_order":0,"comment_status":"closed","ping_status":"closed","template":"","meta":{"footnotes":""},"class_list":["post-3919","page","type-page","status-publish","hentry"],"_links":{"self":[{"href":"https:\/\/www.laboratorioguadalupe.com.br\/portal\/wp-json\/wp\/v2\/pages\/3919","targetHints":{"allow":["GET"]}}],"collection":[{"href":"https:\/\/www.laboratorioguadalupe.com.br\/portal\/wp-json\/wp\/v2\/pages"}],"about":[{"href":"https:\/\/www.laboratorioguadalupe.com.br\/portal\/wp-json\/wp\/v2\/types\/page"}],"author":[{"embeddable":true,"href":"https:\/\/www.laboratorioguadalupe.com.br\/portal\/wp-json\/wp\/v2\/users\/1"}],"replies":[{"embeddable":true,"href":"https:\/\/www.laboratorioguadalupe.com.br\/portal\/wp-json\/wp\/v2\/comments?post=3919"}],"version-history":[{"count":7,"href":"https:\/\/www.laboratorioguadalupe.com.br\/portal\/wp-json\/wp\/v2\/pages\/3919\/revisions"}],"predecessor-version":[{"id":4000,"href":"https:\/\/www.laboratorioguadalupe.com.br\/portal\/wp-json\/wp\/v2\/pages\/3919\/revisions\/4000"}],"wp:attachment":[{"href":"https:\/\/www.laboratorioguadalupe.com.br\/portal\/wp-json\/wp\/v2\/media?parent=3919"}],"curies":[{"name":"wp","href":"https:\/\/api.w.org\/{rel}","templated":true}]}}